{"id":10,"date":"2024-05-21T14:57:06","date_gmt":"2024-05-21T12:57:06","guid":{"rendered":"https:\/\/aalborg.wordcamp.org\/2024\/sponsors\/"},"modified":"2024-10-15T09:07:31","modified_gmt":"2024-10-15T07:07:31","slug":"sponsors","status":"publish","type":"page","link":"https:\/\/aalborg.wordcamp.org\/2024\/sponsors\/","title":{"rendered":"Sponsorer"},"content":{"rendered":"\n<h2 class=\"wp-block-heading is-style-default\">Interesseret i at sponsere WordCamp Danmark?<\/h2>\n\n\n\n<p>For mere info om sponsorater, check vores <a href=\"https:\/\/aalborg.wordcamp.org\/2024\/call-for-sponsors\/\">Call for Sponsors<\/a> side.<\/p>\n\n\n\n<h2 class=\"wp-block-heading is-style-asterisk\">Vores globale sponsorer<\/h2>\n\n\n\n<p>Vi er superglade for at disse sponsorer skaber muligheder for at afholde arrangmenter med WordPress-indhold til en fantastisk lav pris &#8211; over hele verden!<\/p>\n\n\n\n<div class=\"wp-block-query is-layout-flow wp-block-query-is-layout-flow\"><ul class=\"columns-3 wp-block-post-template is-layout-grid wp-container-core-post-template-is-layout-6d3fbd8f wp-block-post-template-is-layout-grid\"><li class=\"wp-block-post post-22 wcb_sponsor type-wcb_sponsor status-publish has-post-thumbnail hentry wcb_sponsor_level-global-gold\">\n<figure style=\"aspect-ratio:16\/9;\" class=\"wp-block-post-featured-image\"><a href=\"https:\/\/aalborg.wordcamp.org\/2024\/sponsor\/automattic\/\" target=\"_self\"  ><img loading=\"lazy\" decoding=\"async\" width=\"940\" height=\"198\" src=\"https:\/\/aalborg.wordcamp.org\/2024\/files\/2024\/05\/automattic-logotype-color-940x198.png\" class=\"attachment-post-thumbnail size-post-thumbnail wp-post-image\" alt=\"Automattic\" style=\"width:100%;height:100%;object-fit:contain;\" \/><\/a><\/figure>\n<\/li><li class=\"wp-block-post post-26 wcb_sponsor type-wcb_sponsor status-publish has-post-thumbnail hentry wcb_sponsor_level-global-gold\">\n<figure style=\"aspect-ratio:16\/9;\" class=\"wp-block-post-featured-image\"><a href=\"https:\/\/aalborg.wordcamp.org\/2024\/sponsor\/bluehost\/\" target=\"_self\"  ><img loading=\"lazy\" decoding=\"async\" width=\"651\" height=\"137\" src=\"https:\/\/aalborg.wordcamp.org\/2024\/files\/2024\/05\/bh_logo_2015.png\" class=\"attachment-post-thumbnail size-post-thumbnail wp-post-image\" alt=\"Bluehost\" style=\"width:100%;height:100%;object-fit:contain;\" srcset=\"https:\/\/aalborg.wordcamp.org\/2024\/files\/2024\/05\/bh_logo_2015.png 651w, https:\/\/aalborg.wordcamp.org\/2024\/files\/2024\/05\/bh_logo_2015-300x63.png 300w, https:\/\/aalborg.wordcamp.org\/2024\/files\/2024\/05\/bh_logo_2015-500x105.png 500w\" sizes=\"auto, (max-width: 651px) 100vw, 651px\" \/><\/a><\/figure>\n<\/li><li class=\"wp-block-post post-24 wcb_sponsor type-wcb_sponsor status-publish has-post-thumbnail hentry wcb_sponsor_level-global-gold\">\n<figure style=\"aspect-ratio:16\/9;\" class=\"wp-block-post-featured-image\"><a href=\"https:\/\/aalborg.wordcamp.org\/2024\/sponsor\/godaddy\/\" target=\"_self\"  ><img loading=\"lazy\" decoding=\"async\" width=\"480\" height=\"198\" src=\"https:\/\/aalborg.wordcamp.org\/2024\/files\/2024\/05\/Copy-of-gd-logo-480x360-1-480x198.png\" class=\"attachment-post-thumbnail size-post-thumbnail wp-post-image\" alt=\"GoDaddy\" style=\"width:100%;height:100%;object-fit:contain;\" \/><\/a><\/figure>\n<\/li><li class=\"wp-block-post post-28 wcb_sponsor type-wcb_sponsor status-publish has-post-thumbnail hentry wcb_sponsor_level-global-gold\">\n<figure style=\"aspect-ratio:16\/9;\" class=\"wp-block-post-featured-image\"><a href=\"https:\/\/aalborg.wordcamp.org\/2024\/sponsor\/woo\/\" target=\"_self\"  ><img loading=\"lazy\" decoding=\"async\" width=\"940\" height=\"198\" src=\"https:\/\/aalborg.wordcamp.org\/2024\/files\/2024\/05\/Copy-of-woocommerce-logo-color-black@2x-2-940x198.png\" class=\"attachment-post-thumbnail size-post-thumbnail wp-post-image\" alt=\"Woo\" style=\"width:100%;height:100%;object-fit:contain;\" \/><\/a><\/figure>\n<\/li><li class=\"wp-block-post post-21 wcb_sponsor type-wcb_sponsor status-publish has-post-thumbnail hentry wcb_sponsor_level-global-gold\">\n<figure style=\"aspect-ratio:16\/9;\" class=\"wp-block-post-featured-image\"><a href=\"https:\/\/aalborg.wordcamp.org\/2024\/sponsor\/wpbeginner\/\" target=\"_self\"  ><img loading=\"lazy\" decoding=\"async\" width=\"669\" height=\"157\" src=\"https:\/\/aalborg.wordcamp.org\/2024\/files\/2024\/09\/WPBeginner-Orange-Logo-1024x512-1-e1728393363377.png\" class=\"attachment-post-thumbnail size-post-thumbnail wp-post-image\" alt=\"WPBeginner\" style=\"width:100%;height:100%;object-fit:contain;\" srcset=\"https:\/\/aalborg.wordcamp.org\/2024\/files\/2024\/09\/WPBeginner-Orange-Logo-1024x512-1-e1728393363377.png 669w, https:\/\/aalborg.wordcamp.org\/2024\/files\/2024\/09\/WPBeginner-Orange-Logo-1024x512-1-e1728393363377-300x70.png 300w, https:\/\/aalborg.wordcamp.org\/2024\/files\/2024\/09\/WPBeginner-Orange-Logo-1024x512-1-e1728393363377-500x117.png 500w\" sizes=\"auto, (max-width: 669px) 100vw, 669px\" \/><\/a><\/figure>\n<\/li><\/ul><\/div>\n\n\n\n<h2 class=\"wp-block-heading is-style-asterisk\">Vores lokale sponsorer<\/h2>\n\n\n\n<p>Og vi er mindst lige s\u00e5 glade for at ogs\u00e5 lokale sponsorer kan se ideen i at gennemf\u00f8re arrangmenter om WordPress i Danmark!<\/p>\n\n\n\n<h3 class=\"wp-block-heading\">Guldsponsorer<\/h3>\n\n\n\n<div class=\"wp-block-query is-layout-flow wp-block-query-is-layout-flow\"><\/div>\n\n\n\n<h3 class=\"wp-block-heading\">S\u00f8lvsponsorer<\/h3>\n\n\n\n<div class=\"wp-block-query is-layout-flow wp-block-query-is-layout-flow\"><\/div>\n\n\n\n<h3 class=\"wp-block-heading\">Bronzesponsorer<\/h3>\n\n\n\n<div data-wp-context=\"{}\" data-wp-interactive=\"core\/query\" data-wp-key=\"2\" data-wp-router-region=\"query-2\" class=\"wp-block-query is-layout-flow wp-block-query-is-layout-flow\"><ul class=\"columns-3 wp-block-post-template is-layout-grid wp-container-core-post-template-is-layout-572542b5 wp-block-post-template-is-layout-grid\"><li data-wp-key=\"post-template-item-591\" class=\"wp-block-post post-591 wcb_sponsor type-wcb_sponsor status-publish has-post-thumbnail hentry wcb_sponsor_level-local-bronze\">\n<figure style=\"aspect-ratio:16\/9;\" class=\"wp-block-post-featured-image\"><a href=\"https:\/\/aalborg.wordcamp.org\/2024\/sponsor\/ellegaard-id\/\" target=\"_self\"  ><img loading=\"lazy\" decoding=\"async\" width=\"400\" height=\"127\" src=\"https:\/\/aalborg.wordcamp.org\/2024\/files\/2024\/10\/logo400x127_transparent.png\" class=\"attachment-post-thumbnail size-post-thumbnail wp-post-image\" alt=\"ellegaard ID\" style=\"width:100%;height:100%;object-fit:contain;\" srcset=\"https:\/\/aalborg.wordcamp.org\/2024\/files\/2024\/10\/logo400x127_transparent.png 400w, https:\/\/aalborg.wordcamp.org\/2024\/files\/2024\/10\/logo400x127_transparent-300x95.png 300w\" sizes=\"auto, (max-width: 400px) 100vw, 400px\" \/><\/a><\/figure>\n<\/li><li data-wp-key=\"post-template-item-484\" class=\"wp-block-post post-484 wcb_sponsor type-wcb_sponsor status-publish has-post-thumbnail hentry wcb_sponsor_level-local-bronze\">\n<figure style=\"aspect-ratio:16\/9;\" class=\"wp-block-post-featured-image\"><a href=\"https:\/\/aalborg.wordcamp.org\/2024\/sponsor\/h365-digital-marketing-agency-aps\/\" target=\"_self\"  ><img loading=\"lazy\" decoding=\"async\" width=\"600\" height=\"300\" src=\"https:\/\/aalborg.wordcamp.org\/2024\/files\/2024\/10\/H365-Digital-Marketing-Agency-Stratum-ORIGINAL-wh-600.png\" class=\"attachment-post-thumbnail size-post-thumbnail wp-post-image\" alt=\"H365 Digital Marketing Agency ApS\" style=\"width:100%;height:100%;object-fit:contain;\" srcset=\"https:\/\/aalborg.wordcamp.org\/2024\/files\/2024\/10\/H365-Digital-Marketing-Agency-Stratum-ORIGINAL-wh-600.png 600w, https:\/\/aalborg.wordcamp.org\/2024\/files\/2024\/10\/H365-Digital-Marketing-Agency-Stratum-ORIGINAL-wh-600-300x150.png 300w, https:\/\/aalborg.wordcamp.org\/2024\/files\/2024\/10\/H365-Digital-Marketing-Agency-Stratum-ORIGINAL-wh-600-500x250.png 500w\" sizes=\"auto, (max-width: 600px) 100vw, 600px\" \/><\/a><\/figure>\n<\/li><li data-wp-key=\"post-template-item-545\" class=\"wp-block-post post-545 wcb_sponsor type-wcb_sponsor status-publish has-post-thumbnail hentry wcb_sponsor_level-local-bronze\">\n<figure style=\"aspect-ratio:16\/9;\" class=\"wp-block-post-featured-image\"><a href=\"https:\/\/aalborg.wordcamp.org\/2024\/sponsor\/halvar-io\/\" target=\"_self\"  ><img loading=\"lazy\" decoding=\"async\" width=\"2245\" height=\"580\" src=\"https:\/\/aalborg.wordcamp.org\/2024\/files\/2024\/10\/Halvar_Logo_DEF-CMYK_Groen.png\" class=\"attachment-post-thumbnail size-post-thumbnail wp-post-image\" alt=\"Halvar.io\" style=\"width:100%;height:100%;object-fit:contain;\" srcset=\"https:\/\/aalborg.wordcamp.org\/2024\/files\/2024\/10\/Halvar_Logo_DEF-CMYK_Groen.png 2245w, https:\/\/aalborg.wordcamp.org\/2024\/files\/2024\/10\/Halvar_Logo_DEF-CMYK_Groen-300x78.png 300w, https:\/\/aalborg.wordcamp.org\/2024\/files\/2024\/10\/Halvar_Logo_DEF-CMYK_Groen-1024x265.png 1024w, https:\/\/aalborg.wordcamp.org\/2024\/files\/2024\/10\/Halvar_Logo_DEF-CMYK_Groen-768x198.png 768w, https:\/\/aalborg.wordcamp.org\/2024\/files\/2024\/10\/Halvar_Logo_DEF-CMYK_Groen-500x129.png 500w, https:\/\/aalborg.wordcamp.org\/2024\/files\/2024\/10\/Halvar_Logo_DEF-CMYK_Groen-1536x397.png 1536w, https:\/\/aalborg.wordcamp.org\/2024\/files\/2024\/10\/Halvar_Logo_DEF-CMYK_Groen-2048x529.png 2048w\" sizes=\"auto, (max-width: 2245px) 100vw, 2245px\" \/><\/a><\/figure>\n<\/li><\/ul><\/div>\n\n\n\n<p><em>(klik logo for mere info)<\/em><\/p>\n\n\n\n<h3 class=\"wp-block-heading\">Microsponsorer<\/h3>\n\n\n\n\t\t<div id=\"tix-attendees\">\n\t\t\t<ul class=\"tix-attendee-list tix-columns-3\">\n\t\t\t\t\t\t\t<\/ul>\n\t\t<\/div>\n\t\t<br class=\"tix-clear\"\/>\n\t\t\n","protected":false},"excerpt":{"rendered":"<p>Interesseret i at sponsere WordCamp Danmark? For mere info om sponsorater, check vores Call for Sponsors side. Vores globale sponsorer Vi er superglade for at disse sponsorer skaber muligheder for at afholde arrangmenter med WordPress-indhold til en fantastisk lav pris &#8211; over hele verden! Vores lokale sponsorer Og vi er mindst lige s\u00e5 glade for [&hellip;]<\/p>\n","protected":false},"author":2352283,"featured_media":334,"parent":0,"menu_order":0,"comment_status":"closed","ping_status":"closed","template":"","meta":{"jetpack_post_was_ever_published":false,"footnotes":""},"class_list":["post-10","page","type-page","status-publish","has-post-thumbnail","hentry"],"jetpack_sharing_enabled":true,"_links":{"self":[{"href":"https:\/\/aalborg.wordcamp.org\/2024\/wp-json\/wp\/v2\/pages\/10","targetHints":{"allow":["GET"]}}],"collection":[{"href":"https:\/\/aalborg.wordcamp.org\/2024\/wp-json\/wp\/v2\/pages"}],"about":[{"href":"https:\/\/aalborg.wordcamp.org\/2024\/wp-json\/wp\/v2\/types\/page"}],"author":[{"embeddable":true,"href":"https:\/\/aalborg.wordcamp.org\/2024\/wp-json\/wp\/v2\/users\/2352283"}],"replies":[{"embeddable":true,"href":"https:\/\/aalborg.wordcamp.org\/2024\/wp-json\/wp\/v2\/comments?post=10"}],"version-history":[{"count":11,"href":"https:\/\/aalborg.wordcamp.org\/2024\/wp-json\/wp\/v2\/pages\/10\/revisions"}],"predecessor-version":[{"id":617,"href":"https:\/\/aalborg.wordcamp.org\/2024\/wp-json\/wp\/v2\/pages\/10\/revisions\/617"}],"wp:featuredmedia":[{"embeddable":true,"href":"https:\/\/aalborg.wordcamp.org\/2024\/wp-json\/wp\/v2\/media\/334"}],"wp:attachment":[{"href":"https:\/\/aalborg.wordcamp.org\/2024\/wp-json\/wp\/v2\/media?parent=10"}],"curies":[{"name":"wp","href":"https:\/\/api.w.org\/{rel}","templated":true}]}}