{"id":11,"date":"2024-05-21T14:57:06","date_gmt":"2024-05-21T12:57:06","guid":{"rendered":"https:\/\/aalborg.wordcamp.org\/2024\/location\/"},"modified":"2024-09-06T10:19:56","modified_gmt":"2024-09-06T08:19:56","slug":"location","status":"publish","type":"page","link":"https:\/\/aalborg.wordcamp.org\/2024\/location\/","title":{"rendered":"Lokation"},"content":{"rendered":"\n<p>WordCamp Denmark 2024 afholdes i <a href=\"https:\/\/fokus-folkeoplysning.dk\/\">Fokushuset<\/a>, Strandvejen 19, 1. sal i Aalborg.<\/p>\n\n\n\n<p>Forplejning leveres af Kaffe Fair, som er &nbsp;en social\u00f8konomisk virksomhed, der investerer et eventuelt overskud i opgaven med at give en venlig h\u00e5nd i ryggen til mennesker, der fortjener en fair chance. De hj\u00e6lper unge videre i job og uddannelse med afs\u00e6t i det daglige k\u00f8kkenarbejde og dine skulderklap!<\/p>\n\n\n\n<figure class=\"wp-block-image size-full\"><a href=\"https:\/\/www.kaffefair.dk\/\"><img loading=\"lazy\" decoding=\"async\" width=\"176\" height=\"40\" src=\"https:\/\/aalborg.wordcamp.org\/2024\/files\/2024\/09\/image.png\" alt=\"\" class=\"wp-image-314\" \/><\/a><\/figure>\n\n\n\n<p><\/p>\n\n\n\n<div class=\"wp-block-buttons is-layout-flex wp-block-buttons-is-layout-flex\">\n<div class=\"wp-block-button\"><a class=\"wp-block-button__link wp-element-button\" href=\"https:\/\/www.openstreetmap.org\/node\/2971881901#map=19\/57.053292\/9.911052\">Se placering i OpenStreetMap<\/a><\/div>\n\n\n\n<div class=\"wp-block-button\"><a class=\"wp-block-button__link wp-element-button\" href=\"https:\/\/maps.app.goo.gl\/dXjHiHDbEqpGnTdVA\">Se placering p\u00e5 Google Maps<\/a><\/div>\n<\/div>\n\n\n\n<h2 class=\"wp-block-heading\" id=\"transport-og-parkering\">Transport og parkering<\/h2>\n\n\n\n<p><strong>Bybus<\/strong><\/p>\n\n\n\n<p>Tag linje 2 ad Kastetvej og st\u00e5 af ved Vestbyen Station.<\/p>\n\n\n\n<p><strong>Tog<\/strong><\/p>\n\n\n\n<p>St\u00e5 af toget ved Aalborg Vestby station og g\u00e5 resten af vejen &#8211; det er lige rundt om hj\u00f8rnet.<\/p>\n\n\n\n<p><strong>Bil<\/strong><\/p>\n\n\n\n<p>P\u00e5 kortet kan du se de offentligt tilg\u00e6ngelige parkeringspladser og andet relevant i omr\u00e5det omkring. Bedste bud p\u00e5 parkering er  langs havnen p\u00e5 Vestre Havnepromenade.<\/p>\n\n\n\n<p>I \u00f8vrigt henviser vi til\u00a0<a href=\"http:\/\/www.cwobel-ejendomme.dk\/ledige-lejemaal\/parkering-og-detail\/badehusvej-5-aalborg-p-hus-ledig\" target=\"_blank\" rel=\"noreferrer noopener\"><strong>C.W. Obel P-Hus<\/strong>,<\/a>\u00a0som du finder p\u00e5 adressen Badehusvej 5, 9000 Aalborg.\u00a0Herfra er der 5 min. gang til FOKUS.<\/p>\n\n\n\n<p><\/p>\n","protected":false},"excerpt":{"rendered":"<p>WordCamp Denmark 2024 afholdes i Fokushuset, Strandvejen 19, 1. sal i Aalborg. Forplejning leveres af Kaffe Fair, som er &nbsp;en social\u00f8konomisk virksomhed, der investerer et eventuelt overskud i opgaven med at give en venlig h\u00e5nd i ryggen til mennesker, der fortjener en fair chance. De hj\u00e6lper unge videre i job og uddannelse med afs\u00e6t i [&hellip;]<\/p>\n","protected":false},"author":2352283,"featured_media":334,"parent":0,"menu_order":0,"comment_status":"closed","ping_status":"closed","template":"","meta":{"jetpack_post_was_ever_published":false,"footnotes":""},"class_list":["post-11","page","type-page","status-publish","has-post-thumbnail","hentry"],"jetpack_sharing_enabled":true,"_links":{"self":[{"href":"https:\/\/aalborg.wordcamp.org\/2024\/wp-json\/wp\/v2\/pages\/11","targetHints":{"allow":["GET"]}}],"collection":[{"href":"https:\/\/aalborg.wordcamp.org\/2024\/wp-json\/wp\/v2\/pages"}],"about":[{"href":"https:\/\/aalborg.wordcamp.org\/2024\/wp-json\/wp\/v2\/types\/page"}],"author":[{"embeddable":true,"href":"https:\/\/aalborg.wordcamp.org\/2024\/wp-json\/wp\/v2\/users\/2352283"}],"replies":[{"embeddable":true,"href":"https:\/\/aalborg.wordcamp.org\/2024\/wp-json\/wp\/v2\/comments?post=11"}],"version-history":[{"count":3,"href":"https:\/\/aalborg.wordcamp.org\/2024\/wp-json\/wp\/v2\/pages\/11\/revisions"}],"predecessor-version":[{"id":320,"href":"https:\/\/aalborg.wordcamp.org\/2024\/wp-json\/wp\/v2\/pages\/11\/revisions\/320"}],"wp:featuredmedia":[{"embeddable":true,"href":"https:\/\/aalborg.wordcamp.org\/2024\/wp-json\/wp\/v2\/media\/334"}],"wp:attachment":[{"href":"https:\/\/aalborg.wordcamp.org\/2024\/wp-json\/wp\/v2\/media?parent=11"}],"curies":[{"name":"wp","href":"https:\/\/api.w.org\/{rel}","templated":true}]}}