{"id":146,"date":"2024-07-29T19:31:39","date_gmt":"2024-07-29T17:31:39","guid":{"rendered":"https:\/\/aalborg.wordcamp.org\/2024\/?page_id=146"},"modified":"2024-10-18T09:02:29","modified_gmt":"2024-10-18T07:02:29","slug":"velkommen","status":"publish","type":"page","link":"https:\/\/aalborg.wordcamp.org\/2024\/","title":{"rendered":"WORDCAMP Denmark 2024"},"content":{"rendered":"\n<h3 class=\"wp-block-heading has-text-align-center\">26-27. oktober i Aalborg<\/h3>\n\n\n\n<h2 class=\"wp-block-heading has-text-align-center has-text-color has-link-color wp-elements-e7ba5cab01937813f2a73924aefb4124\" style=\"color:#f00000;font-size:clamp(3.8rem, 3.8rem + ((1vw - 0.2rem) * 7), 8rem);\">AFLYST<\/h2>\n\n\n\n<h2 class=\"wp-block-heading has-text-align-center has-text-color has-link-color has-xx-large-font-size wp-elements-aeaa2c1ac21f9dd47d7722cae9d04c50\" style=\"color:#ff0000\">Cancelled<\/h2>\n\n\n\n<div class=\"wp-block-group alignfull has-global-padding is-layout-constrained wp-container-core-group-is-layout-c7a42c40 wp-block-group-is-layout-constrained\" style=\"margin-top:0;margin-bottom:0;padding-top:var(--wp--preset--spacing--20);padding-right:var(--wp--preset--spacing--50);padding-bottom:var(--wp--preset--spacing--20);padding-left:var(--wp--preset--spacing--50)\">\n<p>Desv\u00e6rre har vi set os n\u00f8dsaget til at aflyse \u00e5rets WordCamp i Aalborg <img loading=\"lazy\" decoding=\"async\" height=\"16\" width=\"16\" alt=\"\ud83d\ude22\" src=\"https:\/\/static.xx.fbcdn.net\/images\/emoji.php\/v9\/te\/1\/16\/1f622.png\"><\/p>\n\n\n\n<p>Meeen&#8230; hold \u00f8je. For vi har ikke tabt modet. N\u00e6ste \u00e5r vender vi <a><\/a>tilbage i K\u00f8benhavn.<\/p>\n\n\n\n<p>_______________________<\/p>\n\n\n\n<p>Unfortunately, we have seen ourselves forced to cancel this year&#8217;s WordCamp in Aalborg <img loading=\"lazy\" decoding=\"async\" height=\"16\" width=\"16\" alt=\"\ud83d\ude22\" src=\"https:\/\/static.xx.fbcdn.net\/images\/emoji.php\/v9\/te\/1\/16\/1f622.png\"><\/p>\n\n\n\n<p>BUT&#8230; keep an eye out. Because we haven&#8217;t lost heart. Next year we will return in Copenhagen.<\/p>\n\n\n\n<p>________________________<\/p>\n\n\n\n<p>Her er en begivenhed, der samler folk med interesse for at skabe og forst\u00e5 det digitale univers \u2013 velkommen til WordCamp. Det er en unik samling af mennesker, der arbejder med eller er nysgerrige p\u00e5 alt, hvad der har med hjemmesider og digitalt indhold at g\u00f8re.<\/p>\n\n\n\n<p>WordCamp i Danmark er en oplevelse, hvor du kan hente inspiration, l\u00e6re nye ting og m\u00f8de andre, der ogs\u00e5 interesserer sig for den digitale verden. Her deltager alle fra bloggere og webdesignere til iv\u00e6rks\u00e6ttere og dem, der bare er nysgerrige p\u00e5, hvordan man kan f\u00e5 mest muligt ud af internettet.<\/p>\n\n\n\n<p>P\u00e5 WordCamp kan du h\u00f8re sp\u00e6ndende opl\u00e6g og deltage i workshops, der d\u00e6kker emner som hvordan man laver en hjemmeside, forbedrer sin synlighed online, s\u00e6lger produkter via nettet, eller skaber godt indhold, som fanger l\u00e6serens interesse. Uanset om du er nybegynder eller erfaren, kan du finde noget, der hj\u00e6lper dig med at blive bedre til det, du g\u00f8r.<\/p>\n\n\n\n<p>Men WordCamp handler ikke kun om at l\u00e6re. Det er ogs\u00e5 en mulighed for at m\u00f8de andre med samme interesser, udveksle id\u00e9er og m\u00e5ske finde nye samarbejdspartnere. Det er et sted, hvor f\u00e6llesskab og samarbejde er i fokus.<\/p>\n\n\n\n<p>S\u00e5 kom og v\u00e6r med til WordCamp Denmark. Uanset om du er teknisk ekspert, kreativ sj\u00e6l eller blot nysgerrig p\u00e5, hvad fremtiden bringer digitalt, er WordCamp stedet, hvor du kan finde inspiration, l\u00e6re noget nyt og m\u00f8de sp\u00e6ndende mennesker. Sammen er vi med til at forme den digitale fremtid \u2013 \u00e9n hjemmeside ad gangen.<\/p>\n<\/div>\n\n\n\n<div class=\"wp-block-buttons has-custom-font-size has-large-font-size is-content-justification-center is-layout-flex wp-container-core-buttons-is-layout-a89b3969 wp-block-buttons-is-layout-flex\">\n<div class=\"wp-block-button is-style-outline is-style-outline--1\"><a class=\"wp-block-button__link wp-element-button\" href=\"https:\/\/aalborg.wordcamp.org\/2024\/call-for-speakers\/\">Bliv speaker<\/a><\/div>\n\n\n\n<div class=\"wp-block-button is-style-outline is-style-outline--2\"><a class=\"wp-block-button__link wp-element-button\" href=\"https:\/\/aalborg.wordcamp.org\/2024\/sponsoraftaler\/\">Bliv sponsor<\/a><\/div>\n<\/div>\n","protected":false},"excerpt":{"rendered":"<p>26-27. oktober i Aalborg AFLYST Cancelled Desv\u00e6rre har vi set os n\u00f8dsaget til at aflyse \u00e5rets WordCamp i Aalborg Meeen&#8230; hold \u00f8je. For vi har ikke tabt modet. N\u00e6ste \u00e5r vender vi tilbage i K\u00f8benhavn. _______________________ Unfortunately, we have seen ourselves forced to cancel this year&#8217;s WordCamp in Aalborg BUT&#8230; keep an eye out. Because [&hellip;]<\/p>\n","protected":false},"author":9844490,"featured_media":190,"parent":0,"menu_order":0,"comment_status":"closed","ping_status":"closed","template":"page-wide","meta":{"jetpack_post_was_ever_published":false,"footnotes":""},"class_list":["post-146","page","type-page","status-publish","has-post-thumbnail","hentry"],"jetpack_sharing_enabled":true,"_links":{"self":[{"href":"https:\/\/aalborg.wordcamp.org\/2024\/wp-json\/wp\/v2\/pages\/146","targetHints":{"allow":["GET"]}}],"collection":[{"href":"https:\/\/aalborg.wordcamp.org\/2024\/wp-json\/wp\/v2\/pages"}],"about":[{"href":"https:\/\/aalborg.wordcamp.org\/2024\/wp-json\/wp\/v2\/types\/page"}],"author":[{"embeddable":true,"href":"https:\/\/aalborg.wordcamp.org\/2024\/wp-json\/wp\/v2\/users\/9844490"}],"replies":[{"embeddable":true,"href":"https:\/\/aalborg.wordcamp.org\/2024\/wp-json\/wp\/v2\/comments?post=146"}],"version-history":[{"count":17,"href":"https:\/\/aalborg.wordcamp.org\/2024\/wp-json\/wp\/v2\/pages\/146\/revisions"}],"predecessor-version":[{"id":704,"href":"https:\/\/aalborg.wordcamp.org\/2024\/wp-json\/wp\/v2\/pages\/146\/revisions\/704"}],"wp:featuredmedia":[{"embeddable":true,"href":"https:\/\/aalborg.wordcamp.org\/2024\/wp-json\/wp\/v2\/media\/190"}],"wp:attachment":[{"href":"https:\/\/aalborg.wordcamp.org\/2024\/wp-json\/wp\/v2\/media?parent=146"}],"curies":[{"name":"wp","href":"https:\/\/api.w.org\/{rel}","templated":true}]}}