{"id":155,"date":"2024-07-29T19:37:37","date_gmt":"2024-07-29T17:37:37","guid":{"rendered":"https:\/\/aalborg.wordcamp.org\/2024\/?page_id=155"},"modified":"2024-09-06T10:20:15","modified_gmt":"2024-09-06T08:20:15","slug":"om-wordcamp-denmark","status":"publish","type":"page","link":"https:\/\/aalborg.wordcamp.org\/2024\/om-wordcamp-denmark\/","title":{"rendered":"Om WordCamp Denmark"},"content":{"rendered":"\n<p>WordCamp Denmark er det n\u00e6rmeste vi kommer en national, officiel WordPress konference.<\/p>\n\n\n\n<p>WordCamps er et begreb, der bruges globalt om regionale og lokale arrangementer, hvor WordPress-interesserede kan m\u00f8des, udveksle erfaringer og skabe netv\u00e6rk.<\/p>\n\n\n\n<p>Udover lokale Wordcamps findes der ogs\u00e5 regionale som fx WordCamp EU, WordCamp US og WordCamp Asia, der samler flere tusinde mennesker..<\/p>\n\n\n\n<p>Du kan se de kommende Wordcamps p\u00e5 <a href=\"https:\/\/central.wordcamp.org\/ \">https:\/\/central.wordcamp.org\/ <\/a><\/p>\n\n\n\n<h2 class=\"wp-block-heading\">M\u00f8d arrang\u00f8rerne<\/h2>\n\n\n\n<div class=\"wp-block-query is-layout-flow wp-block-query-is-layout-flow\"><ul class=\"wp-block-post-template is-layout-flow wp-block-post-template-is-layout-flow\"><li class=\"wp-block-post post-174 wcb_organizer type-wcb_organizer status-publish hentry\">\n\n<div class=\"wp-block-group is-nowrap is-layout-flex wp-container-core-group-is-layout-6c531013 wp-block-group-is-layout-flex\"><figure style=\"width:96px;height:96px;\" class=\"wp-block-wordcamp-avatar\"><img decoding=\"async\" src=\"https:\/\/secure.gravatar.com\/avatar\/c33d714753ac05943750d2e34bdd86487eb957b24abe10155dbe7527634bf32f?s=96&amp;d=mm&amp;r=g\" alt=\"Jette Dr\u00f8ger\" \/><\/figure>\n\n<h2 class=\"wp-block-post-title\"><a href=\"https:\/\/aalborg.wordcamp.org\/2024\/organizer\/jette-droger\/\" target=\"_self\" >Jette Dr\u00f8ger<\/a><\/h2><\/div>\n\n\n<div class=\"wp-block-post-excerpt\"><p class=\"wp-block-post-excerpt__excerpt\">Til dagligt underviser Jette i WordPress og bygger hjemmeside. Hun er selvst\u00e6ndig med sin egen virksomhed, hvor hele omdrejningspunktet er WordPress. N\u00e5r Jette ikke arrangerer WordCamp Denmark, er hun medarrang\u00f8r af Meetup i K\u00f8benhavn.<\/p><p class=\"wp-block-post-excerpt__more-text\"><a class=\"wp-block-post-excerpt__more-link\" href=\"https:\/\/aalborg.wordcamp.org\/2024\/organizer\/jette-droger\/\">Se mere om arrang\u00f8ren<\/a><\/p><\/div>\n\n\n<div class=\"wp-block-group is-layout-flex wp-block-group-is-layout-flex\">\n<p>Team:<\/p>\n\n\n<\/div>\n\n<\/li><li class=\"wp-block-post post-176 wcb_organizer type-wcb_organizer status-publish hentry\">\n\n<div class=\"wp-block-group is-nowrap is-layout-flex wp-container-core-group-is-layout-6c531013 wp-block-group-is-layout-flex\"><figure style=\"width:96px;height:96px;\" class=\"wp-block-wordcamp-avatar\"><img decoding=\"async\" src=\"https:\/\/secure.gravatar.com\/avatar\/d1240bcdb1b04edb15eb0b6f34f7ad7d3c3e2cf3ac3c3413f2dde28443e96b82?s=96&amp;d=mm&amp;r=g\" alt=\"Morten Ellegaard\" \/><\/figure>\n\n<h2 class=\"wp-block-post-title\"><a href=\"https:\/\/aalborg.wordcamp.org\/2024\/organizer\/morten-ellegaard\/\" target=\"_self\" >Morten Ellegaard<\/a><\/h2><\/div>\n\n\n<div class=\"wp-block-post-excerpt\"><p class=\"wp-block-post-excerpt__excerpt\">Morten udvikler, design er og underviser i WordPress via sin egen virksomhed. Udover at v\u00e6re arrang\u00f8r af WordCamp Denmark er han ogs\u00e5 arrang\u00f8r af &#8211; og ofte v\u00e6rt for &#8211; den lokale Meetup Aalborg, samt aktiv i overs\u00e6ttelse af WordPress som global redakt\u00f8r for dansk.<\/p><p class=\"wp-block-post-excerpt__more-text\"><a class=\"wp-block-post-excerpt__more-link\" href=\"https:\/\/aalborg.wordcamp.org\/2024\/organizer\/morten-ellegaard\/\">Se mere om arrang\u00f8ren<\/a><\/p><\/div>\n\n\n<div class=\"wp-block-group is-layout-flex wp-block-group-is-layout-flex\">\n<p>Team:<\/p>\n\n\n<\/div>\n\n<\/li><\/ul>\n\n<\/div>\n","protected":false},"excerpt":{"rendered":"<p>WordCamp Denmark er det n\u00e6rmeste vi kommer en national, officiel WordPress konference. WordCamps er et begreb, der bruges globalt om regionale og lokale arrangementer, hvor WordPress-interesserede kan m\u00f8des, udveksle erfaringer og skabe netv\u00e6rk. Udover lokale Wordcamps findes der ogs\u00e5 regionale som fx WordCamp EU, WordCamp US og WordCamp Asia, der samler flere tusinde mennesker.. Du [&hellip;]<\/p>\n","protected":false},"author":9844490,"featured_media":334,"parent":0,"menu_order":0,"comment_status":"closed","ping_status":"closed","template":"","meta":{"jetpack_post_was_ever_published":false,"footnotes":""},"class_list":["post-155","page","type-page","status-publish","has-post-thumbnail","hentry"],"jetpack_sharing_enabled":true,"_links":{"self":[{"href":"https:\/\/aalborg.wordcamp.org\/2024\/wp-json\/wp\/v2\/pages\/155","targetHints":{"allow":["GET"]}}],"collection":[{"href":"https:\/\/aalborg.wordcamp.org\/2024\/wp-json\/wp\/v2\/pages"}],"about":[{"href":"https:\/\/aalborg.wordcamp.org\/2024\/wp-json\/wp\/v2\/types\/page"}],"author":[{"embeddable":true,"href":"https:\/\/aalborg.wordcamp.org\/2024\/wp-json\/wp\/v2\/users\/9844490"}],"replies":[{"embeddable":true,"href":"https:\/\/aalborg.wordcamp.org\/2024\/wp-json\/wp\/v2\/comments?post=155"}],"version-history":[{"count":3,"href":"https:\/\/aalborg.wordcamp.org\/2024\/wp-json\/wp\/v2\/pages\/155\/revisions"}],"predecessor-version":[{"id":318,"href":"https:\/\/aalborg.wordcamp.org\/2024\/wp-json\/wp\/v2\/pages\/155\/revisions\/318"}],"wp:featuredmedia":[{"embeddable":true,"href":"https:\/\/aalborg.wordcamp.org\/2024\/wp-json\/wp\/v2\/media\/334"}],"wp:attachment":[{"href":"https:\/\/aalborg.wordcamp.org\/2024\/wp-json\/wp\/v2\/media?parent=155"}],"curies":[{"name":"wp","href":"https:\/\/api.w.org\/{rel}","templated":true}]}}