{"id":321,"date":"2024-09-05T11:30:27","date_gmt":"2024-09-05T09:30:27","guid":{"rendered":"https:\/\/aalborg.wordcamp.org\/2024\/?page_id=321"},"modified":"2024-09-06T14:47:44","modified_gmt":"2024-09-06T12:47:44","slug":"sponsoraftaler","status":"publish","type":"page","link":"https:\/\/aalborg.wordcamp.org\/2024\/sponsoraftaler\/","title":{"rendered":"Sponsoraftaler"},"content":{"rendered":"\n<p>Du kan v\u00e6re sponsor for WordCamp Denmark p\u00e5 flere forskellige niveauer. Fra den store pakke  ned til mikrosponsorer, der i praksis betaler den fulde udgift per person.<\/p>\n\n\n\n<p>Alt hvad der kommer ind er med til at holde billetprisen lav, s\u00e5 vi tager imod med gl\u00e6de!<\/p>\n\n\n\n<p>Du kan blive sponsor p\u00e5 f\u00f8lgende niveauer:<\/p>\n\n\n\n<figure class=\"wp-block-table alignfull\"><table><thead><tr><th>Niveau<\/th><th>V\u00e6rdi<\/th><th>Websted<\/th><th>Billetter<\/th><th>Visning<\/th><th>Stand<\/th><th><strong>Omtale<\/strong><\/th><\/tr><\/thead><tbody><tr><td>Gold (3 stk)<\/td><td>8.000 DKK<\/td><td>Logo, link og beskrivelse<\/td><td>4 stk<\/td><td>Logo p\u00e5 sk\u00e6rme i pauser<\/td><td>Bord i Foyer<\/td><td>Start og slut p\u00e5 begge dage<\/td><\/tr><tr><td>Silver ( 6 stk )<\/td><td>5.000 DKK<\/td><td>Logo, link og beskrivelse<\/td><td>2 stk<\/td><td>Logo p\u00e5 sk\u00e6rme i pauser<\/td><td>Evt plads i gangomr\u00e5de<\/td><td>Ved start dag 1 og afslutning dag 2<\/td><\/tr><tr><td>Bronze (10 stk)<\/td><td>1.500 DKK<\/td><td>Logo og link<\/td><td>1 stk<\/td><td>Samlet visning af logo p\u00e5 sk\u00e6rme under pauser<\/td><td>&#8211;<\/td><td>&#8211;<\/td><\/tr><tr><td>Micro (ingen begr\u00e6nsning)<\/td><td>800 DKK<\/td><td>Navn og link<\/td><td>1 stk<\/td><td>&#8211; <\/td><td>&#8211; <\/td><td>&#8211;<\/td><\/tr><\/tbody><\/table><\/figure>\n\n\n\n<div class=\"wp-block-group has-global-padding is-layout-constrained wp-container-core-group-is-layout-23b1a4dc wp-block-group-is-layout-constrained\" style=\"border-top-style:solid;border-top-width:1px;border-right-style:solid;border-right-width:1px;border-bottom-style:solid;border-bottom-width:1px;border-left-style:solid;border-left-width:1px;padding-top:var(--wp--preset--spacing--30);padding-right:var(--wp--preset--spacing--30);padding-bottom:var(--wp--preset--spacing--30);padding-left:var(--wp--preset--spacing--30)\">\n<p><em>Bem\u00e6rk: Microsponsorer skal ikke tilmelde sig her. Der k\u00f8ber du bare en <\/em><a href=\"https:\/\/aalborg.wordcamp.org\/2024\/billetter\/\" data-type=\"page\" data-id=\"13\"><em>Microsponsorbillet<\/em>.<\/a><\/p>\n<\/div>\n\n\n\n<hr class=\"wp-block-separator has-alpha-channel-opacity is-style-dots\" \/>\n\n\n\n<div class=\"wp-block-buttons is-layout-flex wp-block-buttons-is-layout-flex\">\n<div class=\"wp-block-button has-custom-font-size has-x-large-font-size\"><a class=\"wp-block-button__link wp-element-button\" href=\"https:\/\/aalborg.wordcamp.org\/2024\/call-for-sponsors\/\"><strong>Bliv sponsor og bliv set!<\/strong><\/a><\/div>\n<\/div>\n\n\n\n<p><\/p>\n","protected":false},"excerpt":{"rendered":"<p>Du kan v\u00e6re sponsor for WordCamp Denmark p\u00e5 flere forskellige niveauer. Fra den store pakke ned til mikrosponsorer, der i praksis betaler den fulde udgift per person. Alt hvad der kommer ind er med til at holde billetprisen lav, s\u00e5 vi tager imod med gl\u00e6de! Du kan blive sponsor p\u00e5 f\u00f8lgende niveauer: Niveau V\u00e6rdi Websted [&hellip;]<\/p>\n","protected":false},"author":2352283,"featured_media":334,"parent":0,"menu_order":0,"comment_status":"closed","ping_status":"closed","template":"page-wide","meta":{"jetpack_post_was_ever_published":false,"footnotes":""},"class_list":["post-321","page","type-page","status-publish","has-post-thumbnail","hentry"],"jetpack_sharing_enabled":true,"_links":{"self":[{"href":"https:\/\/aalborg.wordcamp.org\/2024\/wp-json\/wp\/v2\/pages\/321","targetHints":{"allow":["GET"]}}],"collection":[{"href":"https:\/\/aalborg.wordcamp.org\/2024\/wp-json\/wp\/v2\/pages"}],"about":[{"href":"https:\/\/aalborg.wordcamp.org\/2024\/wp-json\/wp\/v2\/types\/page"}],"author":[{"embeddable":true,"href":"https:\/\/aalborg.wordcamp.org\/2024\/wp-json\/wp\/v2\/users\/2352283"}],"replies":[{"embeddable":true,"href":"https:\/\/aalborg.wordcamp.org\/2024\/wp-json\/wp\/v2\/comments?post=321"}],"version-history":[{"count":4,"href":"https:\/\/aalborg.wordcamp.org\/2024\/wp-json\/wp\/v2\/pages\/321\/revisions"}],"predecessor-version":[{"id":327,"href":"https:\/\/aalborg.wordcamp.org\/2024\/wp-json\/wp\/v2\/pages\/321\/revisions\/327"}],"wp:featuredmedia":[{"embeddable":true,"href":"https:\/\/aalborg.wordcamp.org\/2024\/wp-json\/wp\/v2\/media\/334"}],"wp:attachment":[{"href":"https:\/\/aalborg.wordcamp.org\/2024\/wp-json\/wp\/v2\/media?parent=321"}],"curies":[{"name":"wp","href":"https:\/\/api.w.org\/{rel}","templated":true}]}}