{"id":9,"date":"2024-05-21T14:57:06","date_gmt":"2024-05-21T12:57:06","guid":{"rendered":"https:\/\/aalborg.wordcamp.org\/2024\/sessions\/"},"modified":"2024-09-06T10:20:45","modified_gmt":"2024-09-06T08:20:45","slug":"sessions","status":"publish","type":"page","link":"https:\/\/aalborg.wordcamp.org\/2024\/sessions\/","title":{"rendered":"Sessions"},"content":{"rendered":"\n<div class=\"wp-block-query has-global-padding is-layout-constrained wp-block-query-is-layout-constrained\"><ul class=\"alignwide wp-block-post-template is-layout-flow wp-block-post-template-is-layout-flow\"><li class=\"wp-block-post post-373 wcb_session type-wcb_session status-publish hentry wcb_track-spor-1\">\n\n<div class=\"wp-block-group has-global-padding is-layout-constrained wp-block-group-is-layout-constrained\"><h2 class=\"alignwide wp-block-post-title has-var-wp-custom-typography-font-size-huge-clamp-2-25-rem-4-vw-2-75-rem-font-size\"><a href=\"https:\/\/aalborg.wordcamp.org\/2024\/session\/praktiske-teknikker-til-baeredygtig-webudvikling\/\" target=\"_self\" >Praktiske teknikker til b\u00e6redygtig webudvikling<\/a><\/h2>\n\n<div class=\"wp-block-wordcamp-session-date\"><time dateTime=\"2024-10-26T10:15:00+02:00\">26. oktober 2024 10:15 CEST<\/time><\/div>\n\n<div class=\"entry-content wp-block-post-content is-layout-flow wp-block-post-content-is-layout-flow\">\n<p>Kan hjemmesider v\u00e6re b\u00e6redygtige \u00f8konomisk, \u00f8kologisk og socialt?<\/p>\n\n\n<p>Inspireret af andres forskning og vidensdeling har jeg brugt tre \u00e5r p\u00e5 at opbygge WordPress-l\u00f8sninger, der lever op til principperne i Sustainable Web Manifesto.<\/p>\n\n\n<p>Siderne opn\u00e5r en A+ rating i det anerkendte Website Carbon Rating System, en 75-90 % reduktion i CO2-aftrykket, og de opfylder nu kriterierne for webtilg\u00e6ngelighed og GDPR.<\/p>\n\n\n<p>De rangerer meget bedre p\u00e5 s\u00f8gemaskinerne.<\/p>\n\n\n<p>Brugere med begr\u00e6nset b\u00e5ndbredde s\u00e6tter pris p\u00e5 de lette sider.<\/p>\n\n\n<p>I open source-\u00e5nden vil vi gerne dele erfaringer og metoder med WordPress-f\u00e6llesskabet. Internettet har en enorm milj\u00f8p\u00e5virkning, men heldigvis kan vi reducere den betydeligt.<\/p>\n\n\n<p>De relaterede fordele er mange: Vi forbedrer tilg\u00e6ngelighed, sikkerhed, privatliv og ydeevne.<\/p>\n\n\n<div class=\"wp-block-wordcamp-session-speakers\"><span class=\"wp-block-wordcamp-session-speakers__byline\">Pr\u00e6senteret af<\/span><span class=\"wp-block-wordcamp-session-speakers__name\"><a href=\"https:\/\/aalborg.wordcamp.org\/2024\/speaker\/bjarne-oldrup\/\">Bjarne Oldrup<\/a><\/span><\/div><\/div>\n\n<div class=\"taxonomy-wcb_track wp-block-post-terms has-small-font-size\"><a href=\"https:\/\/aalborg.wordcamp.org\/2024\/track\/spor-1\/\" rel=\"tag\">Spor 1<\/a><\/div>\n\n\n<div style=\"height:16px\" aria-hidden=\"true\" class=\"wp-block-spacer\"><\/div>\n\n\n\n<hr class=\"wp-block-separator has-css-opacity alignwide is-style-wide\" \/>\n\n\n\n<div style=\"height:16px\" aria-hidden=\"true\" class=\"wp-block-spacer\"><\/div>\n<\/div>\n\n<\/li><li class=\"wp-block-post post-388 wcb_session type-wcb_session status-publish hentry wcb_track-spor-1\">\n\n<div class=\"wp-block-group has-global-padding is-layout-constrained wp-block-group-is-layout-constrained\"><h2 class=\"alignwide wp-block-post-title has-var-wp-custom-typography-font-size-huge-clamp-2-25-rem-4-vw-2-75-rem-font-size\"><a href=\"https:\/\/aalborg.wordcamp.org\/2024\/session\/launchpad-a-bunch-of-accessible-good-practices\/\" target=\"_self\" >Launchpad: a bunch of accessible good practices<\/a><\/h2>\n\n<div class=\"wp-block-wordcamp-session-date\"><time dateTime=\"2024-10-26T11:15:00+02:00\">26. oktober 2024 11:15 CEST<\/time><\/div>\n\n<div class=\"entry-content wp-block-post-content is-layout-flow wp-block-post-content-is-layout-flow\">\n<p>Today good practices are legions in the WordPress community, but they often never end up being used by plugin developers due to various reasons.<\/p>\n\n\n<p>With the open source framework wp-launchpad we aim to tackle this problem and make it easy to use for most developers to use good practices in WordPres plugins.<\/p>\n\n\n<p>In this talk, you will learn which strategies we used inside the framework to make it simple for the developer starting out with Launchpad without many requirements.<br \/>\nHowever, as Launchpad is not a simple boilerplate tool, it offers more depth.<br \/>\nFurthermore, we also had to offer more advanced features without adding too much complexity, and you will learn in this talk how we made that possible so that both new users and experienced ones can benefit from it.<\/p>\n\n\n<div class=\"wp-block-wordcamp-session-speakers\"><span class=\"wp-block-wordcamp-session-speakers__byline\">Pr\u00e6senteret af<\/span><span class=\"wp-block-wordcamp-session-speakers__name\"><a href=\"https:\/\/aalborg.wordcamp.org\/2024\/speaker\/cyrille-coquard\/\">Cyrille Coquard<\/a><\/span><\/div><\/div>\n\n<div class=\"taxonomy-wcb_track wp-block-post-terms has-small-font-size\"><a href=\"https:\/\/aalborg.wordcamp.org\/2024\/track\/spor-1\/\" rel=\"tag\">Spor 1<\/a><\/div>\n\n\n<div style=\"height:16px\" aria-hidden=\"true\" class=\"wp-block-spacer\"><\/div>\n\n\n\n<hr class=\"wp-block-separator has-css-opacity alignwide is-style-wide\" \/>\n\n\n\n<div style=\"height:16px\" aria-hidden=\"true\" class=\"wp-block-spacer\"><\/div>\n<\/div>\n\n<\/li><li class=\"wp-block-post post-383 wcb_session type-wcb_session status-publish hentry wcb_track-spor-1\">\n\n<div class=\"wp-block-group has-global-padding is-layout-constrained wp-block-group-is-layout-constrained\"><h2 class=\"alignwide wp-block-post-title has-var-wp-custom-typography-font-size-huge-clamp-2-25-rem-4-vw-2-75-rem-font-size\"><a href=\"https:\/\/aalborg.wordcamp.org\/2024\/session\/making-connections-the-joy-of-organizing-the-local-community\/\" target=\"_self\" >Making connections: the joy of organizing the local Community<\/a><\/h2>\n\n<div class=\"wp-block-wordcamp-session-date\"><time dateTime=\"2024-10-26T13:45:00+02:00\">26. oktober 2024 13:45 CEST<\/time><\/div>\n\n<div class=\"entry-content wp-block-post-content is-layout-flow wp-block-post-content-is-layout-flow\">\n<p>At a WordCamp in 2011, Simon got in touch with other WordPress people for the first time. He started his first local Meetup one year later and has never stopped. Now, more than ten years later, after more than 200 facilitated in-person, online, and hybrid events, Simon looks back on one of the most rewarding and enjoyable hobbies he could have wished for. <\/p>\n\n\n<p>Now he combined his own experiences with the knowledge and tricks of other meetup organizers. This talk aims to help anyone interested in starting local meetups, revitalizing dormant groups, and building strong and sustainable local communities.<\/p>\n\n\n<div class=\"wp-block-wordcamp-session-speakers\"><span class=\"wp-block-wordcamp-session-speakers__byline\">Pr\u00e6senteret af<\/span><span class=\"wp-block-wordcamp-session-speakers__name\"><a href=\"https:\/\/aalborg.wordcamp.org\/2024\/speaker\/simon-kraft\/\">Simon Kraft<\/a><\/span><\/div><\/div>\n\n<div class=\"taxonomy-wcb_track wp-block-post-terms has-small-font-size\"><a href=\"https:\/\/aalborg.wordcamp.org\/2024\/track\/spor-1\/\" rel=\"tag\">Spor 1<\/a><\/div>\n\n\n<div style=\"height:16px\" aria-hidden=\"true\" class=\"wp-block-spacer\"><\/div>\n\n\n\n<hr class=\"wp-block-separator has-css-opacity alignwide is-style-wide\" \/>\n\n\n\n<div style=\"height:16px\" aria-hidden=\"true\" class=\"wp-block-spacer\"><\/div>\n<\/div>\n\n<\/li><li class=\"wp-block-post post-365 wcb_session type-wcb_session status-publish hentry wcb_track-spor-1\">\n\n<div class=\"wp-block-group has-global-padding is-layout-constrained wp-block-group-is-layout-constrained\"><h2 class=\"alignwide wp-block-post-title has-var-wp-custom-typography-font-size-huge-clamp-2-25-rem-4-vw-2-75-rem-font-size\"><a href=\"https:\/\/aalborg.wordcamp.org\/2024\/session\/level-up-your-website-shop-block-by-block-feature\/\" target=\"_self\" >Level up your website\/shop block by block feature<\/a><\/h2>\n\n<div class=\"wp-block-wordcamp-session-date\"><time dateTime=\"2024-10-26T14:45:00+02:00\">26. oktober 2024 14:45 CEST<\/time><\/div>\n\n<div class=\"entry-content wp-block-post-content is-layout-flow wp-block-post-content-is-layout-flow\">\n<p>The block editor has kicked off a new area of content management build into the core of WordPress. It&#8217;s not just the columns block, global styles and the font library. The new features like overwritten, synced block patterns or block build templates bring a lot of flexibility and a steep leaning curve.<\/p>\n\n\n\n<p> For existing website builder and owner all the new ways to create interesting websites break old ways of doing things, and newcomers find it hard to find all the fancy features.<\/p>\n\n\n\n<p> I want to show how to use blocks to create more interesting connections between content areas inside a website and reuse content parts and customize a website or WooCommerce shop benefiting users and SEO.<\/p>\n\n\n<div class=\"wp-block-wordcamp-session-speakers\"><span class=\"wp-block-wordcamp-session-speakers__byline\">Pr\u00e6senteret af<\/span><span class=\"wp-block-wordcamp-session-speakers__name\"><a href=\"https:\/\/aalborg.wordcamp.org\/2024\/speaker\/ralf-wiechers\/\">Ralf Wiechers<\/a><\/span><\/div>\n\n\n<p><\/p>\n<\/div>\n\n<div class=\"taxonomy-wcb_track wp-block-post-terms has-small-font-size\"><a href=\"https:\/\/aalborg.wordcamp.org\/2024\/track\/spor-1\/\" rel=\"tag\">Spor 1<\/a><\/div>\n\n\n<div style=\"height:16px\" aria-hidden=\"true\" class=\"wp-block-spacer\"><\/div>\n\n\n\n<hr class=\"wp-block-separator has-css-opacity alignwide is-style-wide\" \/>\n\n\n\n<div style=\"height:16px\" aria-hidden=\"true\" class=\"wp-block-spacer\"><\/div>\n<\/div>\n\n<\/li><li class=\"wp-block-post post-540 wcb_session type-wcb_session status-publish hentry wcb_track-spor-1\">\n\n<div class=\"wp-block-group has-global-padding is-layout-constrained wp-block-group-is-layout-constrained\"><h2 class=\"alignwide wp-block-post-title has-var-wp-custom-typography-font-size-huge-clamp-2-25-rem-4-vw-2-75-rem-font-size\"><a href=\"https:\/\/aalborg.wordcamp.org\/2024\/session\/den-frusterede-hjemmesideejers-bekendelser\/\" target=\"_self\" >Den frusterede hjemmesideejers bekendelser<\/a><\/h2>\n\n<div class=\"wp-block-wordcamp-session-date\"><time dateTime=\"2024-10-27T09:00:00+01:00\">27. oktober 2024 09:00 CET<\/time><\/div>\n\n<div class=\"entry-content wp-block-post-content is-layout-flow wp-block-post-content-is-layout-flow\">\n<p>I oktober 24 foretog jeg en yderst uvidenskabelig unders\u00f8gelse p\u00e5 Facebook og LinkedIn. Jeg stillede dette sp\u00f8rgsm\u00e5l: <\/p>\n\n\n\n<p>Hvad er din st\u00f8rste udfordring eller frygt, n\u00e5r det kommer til din hjemmeside?<\/p>\n\n\n\n<p>Det er der kommet en del interessante svar ud af.<br>\nResultatet af unders\u00f8gelsen vil jeg pr\u00e6sentere i dette opl\u00e6g, ligesom jeg vil komme med l\u00f8sningsforslag til de udfordringer, som folk sidder med. Det er nemlig ret stort sammenfald mellem svarene, s\u00e5 der er en stor sandsynlighed for at DU ogs\u00e5 sidder med samme udfordring.<\/p>\n\n\n<div class=\"wp-block-wordcamp-session-speakers\"><span class=\"wp-block-wordcamp-session-speakers__byline\">Pr\u00e6senteret af<\/span><span class=\"wp-block-wordcamp-session-speakers__name\"><a href=\"https:\/\/aalborg.wordcamp.org\/2024\/speaker\/jette-droeger\/\">Jette Dr\u00f8ger<\/a><\/span><\/div>\n\n\n<p><\/p>\n<\/div>\n\n<div class=\"taxonomy-wcb_track wp-block-post-terms has-small-font-size\"><a href=\"https:\/\/aalborg.wordcamp.org\/2024\/track\/spor-1\/\" rel=\"tag\">Spor 1<\/a><\/div>\n\n\n<div style=\"height:16px\" aria-hidden=\"true\" class=\"wp-block-spacer\"><\/div>\n\n\n\n<hr class=\"wp-block-separator has-css-opacity alignwide is-style-wide\" \/>\n\n\n\n<div style=\"height:16px\" aria-hidden=\"true\" class=\"wp-block-spacer\"><\/div>\n<\/div>\n\n<\/li><li class=\"wp-block-post post-624 wcb_session type-wcb_session status-publish hentry wcb_track-spor-1\">\n\n<div class=\"wp-block-group has-global-padding is-layout-constrained wp-block-group-is-layout-constrained\"><h2 class=\"alignwide wp-block-post-title has-var-wp-custom-typography-font-size-huge-clamp-2-25-rem-4-vw-2-75-rem-font-size\"><a href=\"https:\/\/aalborg.wordcamp.org\/2024\/session\/playground-ikke-bare-en-sandkasse\/\" target=\"_self\" >Playground &#8211; ikke bare en sandkasse<\/a><\/h2>\n\n<div class=\"wp-block-wordcamp-session-date\"><time dateTime=\"2024-10-27T10:15:00+01:00\">27. oktober 2024 10:15 CET<\/time><\/div>\n\n<div class=\"entry-content wp-block-post-content is-layout-flow wp-block-post-content-is-layout-flow\">\n<p>WordPress Playground er en hurtig tempor\u00e6r installation, der k\u00f8rer i browseren. T\u00e6nk til test af specifikke funktioner, men den har efterh\u00e5nden f\u00e5et en m\u00e6ngde nye funktioner, der g\u00f8r den langt mere anvendelig.<\/p>\n\n\n<div class=\"wp-block-wordcamp-session-speakers\"><span class=\"wp-block-wordcamp-session-speakers__byline\">Pr\u00e6senteret af<\/span><span class=\"wp-block-wordcamp-session-speakers__name\"><a href=\"https:\/\/aalborg.wordcamp.org\/2024\/speaker\/morten-ellegaard\/\">Morten Ellegaard<\/a><\/span><\/div><\/div>\n\n<div class=\"taxonomy-wcb_track wp-block-post-terms has-small-font-size\"><a href=\"https:\/\/aalborg.wordcamp.org\/2024\/track\/spor-1\/\" rel=\"tag\">Spor 1<\/a><\/div>\n\n\n<div style=\"height:16px\" aria-hidden=\"true\" class=\"wp-block-spacer\"><\/div>\n\n\n\n<hr class=\"wp-block-separator has-css-opacity alignwide is-style-wide\" \/>\n\n\n\n<div style=\"height:16px\" aria-hidden=\"true\" class=\"wp-block-spacer\"><\/div>\n<\/div>\n\n<\/li><\/ul><\/div>\n","protected":false},"excerpt":{"rendered":"","protected":false},"author":2352283,"featured_media":334,"parent":0,"menu_order":0,"comment_status":"closed","ping_status":"closed","template":"","meta":{"jetpack_post_was_ever_published":false,"footnotes":""},"class_list":["post-9","page","type-page","status-publish","has-post-thumbnail","hentry"],"jetpack_sharing_enabled":true,"_links":{"self":[{"href":"https:\/\/aalborg.wordcamp.org\/2024\/wp-json\/wp\/v2\/pages\/9","targetHints":{"allow":["GET"]}}],"collection":[{"href":"https:\/\/aalborg.wordcamp.org\/2024\/wp-json\/wp\/v2\/pages"}],"about":[{"href":"https:\/\/aalborg.wordcamp.org\/2024\/wp-json\/wp\/v2\/types\/page"}],"author":[{"embeddable":true,"href":"https:\/\/aalborg.wordcamp.org\/2024\/wp-json\/wp\/v2\/users\/2352283"}],"replies":[{"embeddable":true,"href":"https:\/\/aalborg.wordcamp.org\/2024\/wp-json\/wp\/v2\/comments?post=9"}],"version-history":[{"count":1,"href":"https:\/\/aalborg.wordcamp.org\/2024\/wp-json\/wp\/v2\/pages\/9\/revisions"}],"predecessor-version":[{"id":347,"href":"https:\/\/aalborg.wordcamp.org\/2024\/wp-json\/wp\/v2\/pages\/9\/revisions\/347"}],"wp:featuredmedia":[{"embeddable":true,"href":"https:\/\/aalborg.wordcamp.org\/2024\/wp-json\/wp\/v2\/media\/334"}],"wp:attachment":[{"href":"https:\/\/aalborg.wordcamp.org\/2024\/wp-json\/wp\/v2\/media?parent=9"}],"curies":[{"name":"wp","href":"https:\/\/api.w.org\/{rel}","templated":true}]}}